{"id":52,"date":"2022-07-06T01:34:12","date_gmt":"2022-07-05T23:34:12","guid":{"rendered":"https:\/\/www.fanatics-marseille.net\/fan88\/?page_id=52"},"modified":"2022-07-06T01:47:30","modified_gmt":"2022-07-05T23:47:30","slug":"contact","status":"publish","type":"page","link":"https:\/\/www.fanatics-marseille.net\/fan88\/contact\/","title":{"rendered":"Contact"},"content":{"rendered":"\n<p class=\"has-text-align-center\"> <em>fanaticsmassilia@gmail.com<\/em><\/p>\n\n\n\n<p>Non, le groupe ne poss\u00e8de pas de num\u00e9ro de t\u00e9l\u00e9phone. C&rsquo;est un choix.<br><br>Nous ne vendons pas de matos, nous ne vendons pas de places&#8230;<\/p>\n\n\n\n<p class=\"has-text-align-center\"><\/p>\n","protected":false},"excerpt":{"rendered":"<p>fanaticsmassilia@gmail.com Non, le groupe ne poss\u00e8de pas de num\u00e9ro de t\u00e9l\u00e9phone. C&rsquo;est un choix. Nous ne vendons pas de matos, nous ne vendons pas de places&#8230;<\/p>\n","protected":false},"author":1,"featured_media":0,"parent":0,"menu_order":0,"comment_status":"closed","ping_status":"closed","template":"","meta":{"ngg_post_thumbnail":0,"footnotes":""},"class_list":["post-52","page","type-page","status-publish","hentry"],"_links":{"self":[{"href":"https:\/\/www.fanatics-marseille.net\/fan88\/wp-json\/wp\/v2\/pages\/52","targetHints":{"allow":["GET"]}}],"collection":[{"href":"https:\/\/www.fanatics-marseille.net\/fan88\/wp-json\/wp\/v2\/pages"}],"about":[{"href":"https:\/\/www.fanatics-marseille.net\/fan88\/wp-json\/wp\/v2\/types\/page"}],"author":[{"embeddable":true,"href":"https:\/\/www.fanatics-marseille.net\/fan88\/wp-json\/wp\/v2\/users\/1"}],"replies":[{"embeddable":true,"href":"https:\/\/www.fanatics-marseille.net\/fan88\/wp-json\/wp\/v2\/comments?post=52"}],"version-history":[{"count":7,"href":"https:\/\/www.fanatics-marseille.net\/fan88\/wp-json\/wp\/v2\/pages\/52\/revisions"}],"predecessor-version":[{"id":63,"href":"https:\/\/www.fanatics-marseille.net\/fan88\/wp-json\/wp\/v2\/pages\/52\/revisions\/63"}],"wp:attachment":[{"href":"https:\/\/www.fanatics-marseille.net\/fan88\/wp-json\/wp\/v2\/media?parent=52"}],"curies":[{"name":"wp","href":"https:\/\/api.w.org\/{rel}","templated":true}]}}